{"id":1268,"date":"2018-02-09T12:50:03","date_gmt":"2018-02-09T12:50:03","guid":{"rendered":"http:\/\/graphis.org\/?page_id=15"},"modified":"2018-05-04T12:48:42","modified_gmt":"2018-05-04T12:48:42","slug":"projects","status":"publish","type":"page","link":"https:\/\/graphis.org\/es\/projects\/","title":{"rendered":"Proyectos"},"content":{"rendered":"<p><div class=\"fusion-fullwidth fullwidth-box fusion-builder-row-1 fusion-parallax-none hundred-percent-fullwidth non-hundred-percent-height-scrolling\" style=\"--awb-border-radius-top-left:0px;--awb-border-radius-top-right:0px;--awb-border-radius-bottom-right:0px;--awb-border-radius-bottom-left:0px;--awb-padding-right:0px;--awb-padding-bottom:100px;--awb-padding-left:0px;--awb-margin-top:-55px;--awb-background-image:url(&quot;http:\/\/graphis.org\/es\/wp-content\/uploads\/sites\/2\/2018\/03\/ozadje-1.png&quot;);--awb-background-size:cover;--awb-flex-wrap:wrap;\" ><div class=\"fusion-builder-row fusion-row\"><div class=\"fusion-layout-column fusion_builder_column fusion-builder-column-0 fusion_builder_column_1_1 1_1 fusion-one-full fusion-column-first fusion-column-last\" style=\"--awb-padding-top:200px;--awb-bg-size:cover;\"><div class=\"fusion-column-wrapper fusion-flex-column-wrapper-legacy\"><div class=\"fusion-text fusion-text-1\"><h1 style=\"text-align: center;\">PROYECTOS<\/h1>\n<h2 style=\"padding-left: 30px; text-align: center;\">Dise\u00f1o gr\u00e1fico, fotograf\u00eda, web<\/h2>\n<\/div><div class=\"fusion-clearfix\"><\/div><\/div><\/div><\/div><\/div><div class=\"fusion-fullwidth fullwidth-box fusion-builder-row-2 hundred-percent-fullwidth non-hundred-percent-height-scrolling\" style=\"--awb-border-radius-top-left:0px;--awb-border-radius-top-right:0px;--awb-border-radius-bottom-right:0px;--awb-border-radius-bottom-left:0px;--awb-padding-right:0px;--awb-padding-bottom:-50px;--awb-padding-left:0px;--awb-margin-bottom:-55px;--awb-flex-wrap:wrap;\" ><div class=\"fusion-builder-row fusion-row\"><div class=\"fusion-layout-column fusion_builder_column fusion-builder-column-1 fusion_builder_column_1_1 1_1 fusion-one-full fusion-column-first fusion-column-last\" style=\"--awb-bg-size:cover;\"><div class=\"fusion-column-wrapper fusion-flex-column-wrapper-legacy\"><div class=\"fusion-column-content-centered\"><div class=\"fusion-column-content\"><div class=\"fusion-recent-works fusion-portfolio-element fusion-portfolio fusion-portfolio-1 fusion-portfolio-grid fusion-portfolio-paging-pagination fusion-portfolio-three fusion-portfolio-no_text fusion-portfolio-rollover\" data-id=\"-rw-1\" data-columns=\"three\"><style type=\"text\/css\">.fusion-portfolio-1 .fusion-portfolio-wrapper .fusion-col-spacing{padding:0px;}<\/style><div class=\"fusion-portfolio-wrapper\" id=\"fusion-portfolio-1\" data-picturesize=\"auto\" data-pages=\"1\" style=\"margin:-0px;\"><article id=\"portfolio-1-post-547\" class=\"fusion-portfolio-post diseno-grafico fotografia fusion-col-spacing post-547\"><div class=\"fusion-portfolio-content-wrapper\" style=\"border:none;\"><span class=\"entry-title rich-snippet-hidden\">Clox<\/span><span class=\"vcard rich-snippet-hidden\"><span class=\"fn\"><a href=\"https:\/\/graphis.org\/es\/author\/adming\/\" title=\"Posts by Adming\" rel=\"author\">Adming<\/a><\/span><\/span><span class=\"updated rich-snippet-hidden\">2018-08-15T09:40:24+00:00<\/span><div  class=\"fusion-image-wrapper\" aria-haspopup=\"true\">\n\t\t\t\t<img decoding=\"async\" width=\"1000\" height=\"1000\" src=\"https:\/\/graphis.org\/es\/wp-content\/uploads\/sites\/2\/2018\/03\/clox.png\" class=\"attachment-full size-full wp-post-image\" alt=\"\" srcset=\"https:\/\/graphis.org\/es\/wp-content\/uploads\/sites\/2\/2018\/03\/clox-200x200.png 200w, https:\/\/graphis.org\/es\/wp-content\/uploads\/sites\/2\/2018\/03\/clox-400x400.png 400w, https:\/\/graphis.org\/es\/wp-content\/uploads\/sites\/2\/2018\/03\/clox-600x600.png 600w, https:\/\/graphis.org\/es\/wp-content\/uploads\/sites\/2\/2018\/03\/clox-800x800.png 800w, https:\/\/graphis.org\/es\/wp-content\/uploads\/sites\/2\/2018\/03\/clox.png 1000w\" sizes=\"(min-width: 2200px) 100vw, (min-width: 784px) 367px, (min-width: 712px) 550px, (min-width: 640px) 712px, \" \/><div class=\"fusion-rollover\">\n\t<div class=\"fusion-rollover-content\">\n\n\t\t\t\t\n\t\t\n\t\t\t\t\t\t\t\t\t\t\t\t<h4 class=\"fusion-rollover-title\">\n\t\t\t\t\t<a class=\"fusion-rollover-title-link\" href=\"https:\/\/graphis.org\/es\/portfolio-items\/clox\/\">\n\t\t\t\t\t\tClox\t\t\t\t\t<\/a>\n\t\t\t\t<\/h4>\n\t\t\t\n\t\t\t\t\t\t\t\t\t\t<div class=\"fusion-rollover-categories\"><a href=\"https:\/\/graphis.org\/es\/portfolio_category\/diseno-grafico\/\" rel=\"tag\">Dise\u00f1o gr\u00e1fico<\/a>, <a href=\"https:\/\/graphis.org\/es\/portfolio_category\/fotografia\/\" rel=\"tag\">Fotograf\u00eda<\/a><\/div>\t\t\t\t\t\n\t\t\n\t\t\t\t\t\t<a class=\"fusion-link-wrapper\" href=\"https:\/\/graphis.org\/es\/portfolio-items\/clox\/\" aria-label=\"Clox\"><\/a>\n\t<\/div>\n<\/div>\n<\/div>\n<\/div><\/article><article id=\"portfolio-1-post-544\" class=\"fusion-portfolio-post diseno-grafico fotografia fusion-col-spacing post-544\"><div class=\"fusion-portfolio-content-wrapper\" style=\"border:none;\"><span class=\"entry-title rich-snippet-hidden\">Sladki pelin<\/span><span class=\"vcard rich-snippet-hidden\"><span class=\"fn\"><a href=\"https:\/\/graphis.org\/es\/author\/adming\/\" title=\"Posts by Adming\" rel=\"author\">Adming<\/a><\/span><\/span><span class=\"updated rich-snippet-hidden\">2018-05-08T11:25:33+00:00<\/span><div  class=\"fusion-image-wrapper\" aria-haspopup=\"true\">\n\t\t\t\t<img decoding=\"async\" width=\"663\" height=\"663\" src=\"https:\/\/graphis.org\/es\/wp-content\/uploads\/sites\/2\/2018\/03\/Pelin.png\" class=\"attachment-full size-full wp-post-image\" alt=\"\" srcset=\"https:\/\/graphis.org\/es\/wp-content\/uploads\/sites\/2\/2018\/03\/Pelin-200x200.png 200w, https:\/\/graphis.org\/es\/wp-content\/uploads\/sites\/2\/2018\/03\/Pelin-400x400.png 400w, https:\/\/graphis.org\/es\/wp-content\/uploads\/sites\/2\/2018\/03\/Pelin-600x600.png 600w, https:\/\/graphis.org\/es\/wp-content\/uploads\/sites\/2\/2018\/03\/Pelin.png 663w\" sizes=\"(min-width: 2200px) 100vw, (min-width: 784px) 367px, (min-width: 712px) 550px, (min-width: 640px) 712px, \" \/><div class=\"fusion-rollover\">\n\t<div class=\"fusion-rollover-content\">\n\n\t\t\t\t\n\t\t\n\t\t\t\t\t\t\t\t\t\t\t\t<h4 class=\"fusion-rollover-title\">\n\t\t\t\t\t<a class=\"fusion-rollover-title-link\" href=\"https:\/\/graphis.org\/es\/portfolio-items\/sladki-pelin\/\">\n\t\t\t\t\t\tSladki pelin\t\t\t\t\t<\/a>\n\t\t\t\t<\/h4>\n\t\t\t\n\t\t\t\t\t\t\t\t\t\t<div class=\"fusion-rollover-categories\"><a href=\"https:\/\/graphis.org\/es\/portfolio_category\/diseno-grafico\/\" rel=\"tag\">Dise\u00f1o gr\u00e1fico<\/a>, <a href=\"https:\/\/graphis.org\/es\/portfolio_category\/fotografia\/\" rel=\"tag\">Fotograf\u00eda<\/a><\/div>\t\t\t\t\t\n\t\t\n\t\t\t\t\t\t<a class=\"fusion-link-wrapper\" href=\"https:\/\/graphis.org\/es\/portfolio-items\/sladki-pelin\/\" aria-label=\"Sladki pelin\"><\/a>\n\t<\/div>\n<\/div>\n<\/div>\n<\/div><\/article><article id=\"portfolio-1-post-536\" class=\"fusion-portfolio-post diseno-grafico diseno_web fotografia fusion-col-spacing post-536\"><div class=\"fusion-portfolio-content-wrapper\" style=\"border:none;\"><span class=\"entry-title rich-snippet-hidden\">Horeca program<\/span><span class=\"vcard rich-snippet-hidden\"><span class=\"fn\"><a href=\"https:\/\/graphis.org\/es\/author\/adming\/\" title=\"Posts by Adming\" rel=\"author\">Adming<\/a><\/span><\/span><span class=\"updated rich-snippet-hidden\">2018-05-04T12:20:07+00:00<\/span><div  class=\"fusion-image-wrapper\" aria-haspopup=\"true\">\n\t\t\t\t<img decoding=\"async\" width=\"2296\" height=\"2297\" src=\"https:\/\/graphis.org\/es\/wp-content\/uploads\/sites\/2\/2018\/03\/katalog.png\" class=\"attachment-full size-full wp-post-image\" alt=\"\" srcset=\"https:\/\/graphis.org\/es\/wp-content\/uploads\/sites\/2\/2018\/03\/katalog-200x200.png 200w, https:\/\/graphis.org\/es\/wp-content\/uploads\/sites\/2\/2018\/03\/katalog-400x400.png 400w, https:\/\/graphis.org\/es\/wp-content\/uploads\/sites\/2\/2018\/03\/katalog-600x600.png 600w, https:\/\/graphis.org\/es\/wp-content\/uploads\/sites\/2\/2018\/03\/katalog-800x800.png 800w, https:\/\/graphis.org\/es\/wp-content\/uploads\/sites\/2\/2018\/03\/katalog-1200x1201.png 1200w, https:\/\/graphis.org\/es\/wp-content\/uploads\/sites\/2\/2018\/03\/katalog.png 2296w\" sizes=\"(min-width: 2200px) 100vw, (min-width: 784px) 367px, (min-width: 712px) 550px, (min-width: 640px) 712px, \" \/><div class=\"fusion-rollover\">\n\t<div class=\"fusion-rollover-content\">\n\n\t\t\t\t\n\t\t\n\t\t\t\t\t\t\t\t\t\t\t\t<h4 class=\"fusion-rollover-title\">\n\t\t\t\t\t<a class=\"fusion-rollover-title-link\" href=\"https:\/\/graphis.org\/es\/portfolio-items\/horeca-program\/\">\n\t\t\t\t\t\tHoreca program\t\t\t\t\t<\/a>\n\t\t\t\t<\/h4>\n\t\t\t\n\t\t\t\t\t\t\t\t\t\t<div class=\"fusion-rollover-categories\"><a href=\"https:\/\/graphis.org\/es\/portfolio_category\/diseno-grafico\/\" rel=\"tag\">Dise\u00f1o gr\u00e1fico<\/a>, <a href=\"https:\/\/graphis.org\/es\/portfolio_category\/diseno_web\/\" rel=\"tag\">Dise\u00f1o web<\/a>, <a href=\"https:\/\/graphis.org\/es\/portfolio_category\/fotografia\/\" rel=\"tag\">Fotograf\u00eda<\/a><\/div>\t\t\t\t\t\n\t\t\n\t\t\t\t\t\t<a class=\"fusion-link-wrapper\" href=\"https:\/\/graphis.org\/es\/portfolio-items\/horeca-program\/\" aria-label=\"Horeca program\"><\/a>\n\t<\/div>\n<\/div>\n<\/div>\n<\/div><\/article><article id=\"portfolio-1-post-533\" class=\"fusion-portfolio-post diseno-grafico fotografia fusion-col-spacing post-533\"><div class=\"fusion-portfolio-content-wrapper\" style=\"border:none;\"><span class=\"entry-title rich-snippet-hidden\">Destilirana voda<\/span><span class=\"vcard rich-snippet-hidden\"><span class=\"fn\"><a href=\"https:\/\/graphis.org\/es\/author\/adming\/\" title=\"Posts by Adming\" rel=\"author\">Adming<\/a><\/span><\/span><span class=\"updated rich-snippet-hidden\">2018-05-04T12:23:40+00:00<\/span><div  class=\"fusion-image-wrapper\" aria-haspopup=\"true\">\n\t\t\t\t<img decoding=\"async\" width=\"712\" height=\"712\" src=\"https:\/\/graphis.org\/es\/wp-content\/uploads\/sites\/2\/2018\/03\/voda.png\" class=\"attachment-full size-full wp-post-image\" alt=\"\" srcset=\"https:\/\/graphis.org\/es\/wp-content\/uploads\/sites\/2\/2018\/03\/voda-200x200.png 200w, https:\/\/graphis.org\/es\/wp-content\/uploads\/sites\/2\/2018\/03\/voda-400x400.png 400w, https:\/\/graphis.org\/es\/wp-content\/uploads\/sites\/2\/2018\/03\/voda-600x600.png 600w, https:\/\/graphis.org\/es\/wp-content\/uploads\/sites\/2\/2018\/03\/voda.png 712w\" sizes=\"(min-width: 2200px) 100vw, (min-width: 784px) 367px, (min-width: 712px) 550px, (min-width: 640px) 712px, \" \/><div class=\"fusion-rollover\">\n\t<div class=\"fusion-rollover-content\">\n\n\t\t\t\t\n\t\t\n\t\t\t\t\t\t\t\t\t\t\t\t<h4 class=\"fusion-rollover-title\">\n\t\t\t\t\t<a class=\"fusion-rollover-title-link\" href=\"https:\/\/graphis.org\/es\/portfolio-items\/destilirana-voda\/\">\n\t\t\t\t\t\tDestilirana voda\t\t\t\t\t<\/a>\n\t\t\t\t<\/h4>\n\t\t\t\n\t\t\t\t\t\t\t\t\t\t<div class=\"fusion-rollover-categories\"><a href=\"https:\/\/graphis.org\/es\/portfolio_category\/diseno-grafico\/\" rel=\"tag\">Dise\u00f1o gr\u00e1fico<\/a>, <a href=\"https:\/\/graphis.org\/es\/portfolio_category\/fotografia\/\" rel=\"tag\">Fotograf\u00eda<\/a><\/div>\t\t\t\t\t\n\t\t\n\t\t\t\t\t\t<a class=\"fusion-link-wrapper\" href=\"https:\/\/graphis.org\/es\/portfolio-items\/destilirana-voda\/\" aria-label=\"Destilirana voda\"><\/a>\n\t<\/div>\n<\/div>\n<\/div>\n<\/div><\/article><article id=\"portfolio-1-post-515\" class=\"fusion-portfolio-post diseno-grafico fotografia fusion-col-spacing post-515\"><div class=\"fusion-portfolio-content-wrapper\" style=\"border:none;\"><span class=\"entry-title rich-snippet-hidden\">Diell<\/span><span class=\"vcard rich-snippet-hidden\"><span class=\"fn\"><a href=\"https:\/\/graphis.org\/es\/author\/adming\/\" title=\"Posts by Adming\" rel=\"author\">Adming<\/a><\/span><\/span><span class=\"updated rich-snippet-hidden\">2018-09-11T07:52:43+00:00<\/span><div  class=\"fusion-image-wrapper\" aria-haspopup=\"true\">\n\t\t\t\t<img decoding=\"async\" width=\"1000\" height=\"1000\" src=\"https:\/\/graphis.org\/es\/wp-content\/uploads\/sites\/2\/2018\/03\/Diell-detergent.jpg\" class=\"attachment-full size-full wp-post-image\" alt=\"\" srcset=\"https:\/\/graphis.org\/es\/wp-content\/uploads\/sites\/2\/2018\/03\/Diell-detergent-200x200.jpg 200w, https:\/\/graphis.org\/es\/wp-content\/uploads\/sites\/2\/2018\/03\/Diell-detergent-400x400.jpg 400w, https:\/\/graphis.org\/es\/wp-content\/uploads\/sites\/2\/2018\/03\/Diell-detergent-600x600.jpg 600w, https:\/\/graphis.org\/es\/wp-content\/uploads\/sites\/2\/2018\/03\/Diell-detergent-800x800.jpg 800w, https:\/\/graphis.org\/es\/wp-content\/uploads\/sites\/2\/2018\/03\/Diell-detergent.jpg 1000w\" sizes=\"(min-width: 2200px) 100vw, (min-width: 784px) 367px, (min-width: 712px) 550px, (min-width: 640px) 712px, \" \/><div class=\"fusion-rollover\">\n\t<div class=\"fusion-rollover-content\">\n\n\t\t\t\t\n\t\t\n\t\t\t\t\t\t\t\t\t\t\t\t<h4 class=\"fusion-rollover-title\">\n\t\t\t\t\t<a class=\"fusion-rollover-title-link\" href=\"https:\/\/graphis.org\/es\/portfolio-items\/diell\/\">\n\t\t\t\t\t\tDiell\t\t\t\t\t<\/a>\n\t\t\t\t<\/h4>\n\t\t\t\n\t\t\t\t\t\t\t\t\t\t<div class=\"fusion-rollover-categories\"><a href=\"https:\/\/graphis.org\/es\/portfolio_category\/diseno-grafico\/\" rel=\"tag\">Dise\u00f1o gr\u00e1fico<\/a>, <a href=\"https:\/\/graphis.org\/es\/portfolio_category\/fotografia\/\" rel=\"tag\">Fotograf\u00eda<\/a><\/div>\t\t\t\t\t\n\t\t\n\t\t\t\t\t\t<a class=\"fusion-link-wrapper\" href=\"https:\/\/graphis.org\/es\/portfolio-items\/diell\/\" aria-label=\"Diell\"><\/a>\n\t<\/div>\n<\/div>\n<\/div>\n<\/div><\/article><article id=\"portfolio-1-post-511\" class=\"fusion-portfolio-post diseno-grafico fusion-col-spacing post-511\"><div class=\"fusion-portfolio-content-wrapper\" style=\"border:none;\"><span class=\"entry-title rich-snippet-hidden\">Mirabilis<\/span><span class=\"vcard rich-snippet-hidden\"><span class=\"fn\"><a href=\"https:\/\/graphis.org\/es\/author\/adming\/\" title=\"Posts by Adming\" rel=\"author\">Adming<\/a><\/span><\/span><span class=\"updated rich-snippet-hidden\">2018-05-04T12:40:56+00:00<\/span><div  class=\"fusion-image-wrapper\" aria-haspopup=\"true\">\n\t\t\t\t<img decoding=\"async\" width=\"782\" height=\"782\" src=\"https:\/\/graphis.org\/es\/wp-content\/uploads\/sites\/2\/2018\/03\/Mirabilis.jpg\" class=\"attachment-full size-full wp-post-image\" alt=\"\" srcset=\"https:\/\/graphis.org\/es\/wp-content\/uploads\/sites\/2\/2018\/03\/Mirabilis-200x200.jpg 200w, https:\/\/graphis.org\/es\/wp-content\/uploads\/sites\/2\/2018\/03\/Mirabilis-400x400.jpg 400w, https:\/\/graphis.org\/es\/wp-content\/uploads\/sites\/2\/2018\/03\/Mirabilis-600x600.jpg 600w, https:\/\/graphis.org\/es\/wp-content\/uploads\/sites\/2\/2018\/03\/Mirabilis.jpg 782w\" sizes=\"(min-width: 2200px) 100vw, (min-width: 784px) 367px, (min-width: 712px) 550px, (min-width: 640px) 712px, \" \/><div class=\"fusion-rollover\">\n\t<div class=\"fusion-rollover-content\">\n\n\t\t\t\t\n\t\t\n\t\t\t\t\t\t\t\t\t\t\t\t<h4 class=\"fusion-rollover-title\">\n\t\t\t\t\t<a class=\"fusion-rollover-title-link\" href=\"https:\/\/graphis.org\/es\/portfolio-items\/mirabilis\/\">\n\t\t\t\t\t\tMirabilis\t\t\t\t\t<\/a>\n\t\t\t\t<\/h4>\n\t\t\t\n\t\t\t\t\t\t\t\t\t\t<div class=\"fusion-rollover-categories\"><a href=\"https:\/\/graphis.org\/es\/portfolio_category\/diseno-grafico\/\" rel=\"tag\">Dise\u00f1o gr\u00e1fico<\/a><\/div>\t\t\t\t\t\n\t\t\n\t\t\t\t\t\t<a class=\"fusion-link-wrapper\" href=\"https:\/\/graphis.org\/es\/portfolio-items\/mirabilis\/\" aria-label=\"Mirabilis\"><\/a>\n\t<\/div>\n<\/div>\n<\/div>\n<\/div><\/article><\/div><\/div><\/div><\/div><div class=\"fusion-clearfix\"><\/div><\/div><\/div><\/div><\/div><div class=\"fusion-fullwidth fullwidth-box fusion-builder-row-3 nonhundred-percent-fullwidth hundred-percent-height hundred-percent-height-center-content non-hundred-percent-height-scrolling\" style=\"--awb-border-radius-top-left:0px;--awb-border-radius-top-right:0px;--awb-border-radius-bottom-right:0px;--awb-border-radius-bottom-left:0px;--awb-padding-right:20%;--awb-padding-left:20%;--awb-flex-wrap:wrap;\" ><div class=\"fusion-fullwidth-center-content\"><div class=\"fusion-builder-row fusion-row\"><div class=\"fusion-layout-column fusion_builder_column fusion-builder-column-2 fusion_builder_column_1_1 1_1 fusion-one-full fusion-column-first fusion-column-last .wpcf7 form p { color: #fff; }\" style=\"--awb-bg-size:cover;\"><div class=\"fusion-column-wrapper fusion-flex-column-wrapper-legacy\"><div class=\"fusion-text fusion-text-2\"><h1 style=\"text-align: center;\">CONTACTO<\/h1>\n<h4 style=\"text-align: center;\">\u00bfTiene alg\u00fan proyecto en mente? \u00a1Escr\u00edbanos un e-mail!<\/h4>\n<\/div><div class=\"fusion-text fusion-text-3\"><div class=\"wpforms-container wpforms-container-full\" id=\"wpforms-1349\"><form id=\"wpforms-form-1349\" class=\"wpforms-validate wpforms-form\" data-formid=\"1349\" method=\"post\" enctype=\"multipart\/form-data\" action=\"\/es\/wp-json\/wp\/v2\/pages\/1268\" data-token=\"b64d77bae007b292f77c6aa218674313\" data-token-time=\"1776402641\"><noscript class=\"wpforms-error-noscript\">Please enable JavaScript in your browser to complete this form.<\/noscript><div class=\"wpforms-field-container\"><div id=\"wpforms-1349-field_0-container\" class=\"wpforms-field wpforms-field-name wpforms-one-half wpforms-first\" data-field-id=\"0\"><label class=\"wpforms-field-label wpforms-label-hide\" for=\"wpforms-1349-field_0\">Name <span class=\"wpforms-required-label\">*<\/span><\/label><input type=\"text\" id=\"wpforms-1349-field_0\" class=\"wpforms-field-large wpforms-field-required\" name=\"wpforms[fields][0]\" placeholder=\"Nombre y apellido\" required><\/div><div id=\"wpforms-1349-field_1-container\" class=\"wpforms-field wpforms-field-email wpforms-one-half\" data-field-id=\"1\"><label class=\"wpforms-field-label wpforms-label-hide\" for=\"wpforms-1349-field_1\">E-mail <span class=\"wpforms-required-label\">*<\/span><\/label><input type=\"email\" id=\"wpforms-1349-field_1\" class=\"wpforms-field-large wpforms-field-required\" name=\"wpforms[fields][1]\" placeholder=\"Direcci\u00f3n e-mail\" spellcheck=\"false\" required><\/div><div id=\"wpforms-1349-field_3-container\" class=\"wpforms-field wpforms-field-text\" data-field-id=\"3\"><label class=\"wpforms-field-label wpforms-label-hide\" for=\"wpforms-1349-field_3\">Company<\/label><input type=\"text\" id=\"wpforms-1349-field_3\" class=\"wpforms-field-large\" name=\"wpforms[fields][3]\" placeholder=\"Compa\u00f1\u00eda\" ><\/div><div id=\"wpforms-1349-field_2-container\" class=\"wpforms-field wpforms-field-textarea\" data-field-id=\"2\"><label class=\"wpforms-field-label wpforms-label-hide\" for=\"wpforms-1349-field_2\">Zanima me... <span class=\"wpforms-required-label\">*<\/span><\/label><textarea id=\"wpforms-1349-field_2\" class=\"wpforms-field-small wpforms-field-required\" name=\"wpforms[fields][2]\" placeholder=\"\u00a1Hola! Estoy interesado en...\" required><\/textarea><\/div><\/div><!-- .wpforms-field-container --><div class=\"wpforms-field wpforms-field-hp\"><label for=\"wpforms-1349-field-hp\" class=\"wpforms-field-label\">Email<\/label><input type=\"text\" name=\"wpforms[hp]\" id=\"wpforms-1349-field-hp\" class=\"wpforms-field-medium\"><\/div><div class=\"wpforms-submit-container\" ><input type=\"hidden\" name=\"wpforms[id]\" value=\"1349\"><input type=\"hidden\" name=\"page_title\" value=\"\"><input type=\"hidden\" name=\"page_url\" value=\"https:\/\/graphis.org\/es\/wp-json\/wp\/v2\/pages\/1268\"><input type=\"hidden\" name=\"url_referer\" value=\"\"><button type=\"submit\" name=\"wpforms[submit]\" id=\"wpforms-submit-1349\" class=\"wpforms-submit\" data-alt-text=\"Enviando...\" data-submit-text=\"Enviar\" aria-live=\"assertive\" value=\"wpforms-submit\">Enviar<\/button><\/div><\/form><\/div>  <!-- .wpforms-container -->\n<\/div><div class=\"fusion-clearfix\"><\/div><\/div><\/div><\/div><\/div><\/div><\/p>\n","protected":false},"excerpt":{"rendered":"","protected":false},"author":1,"featured_media":0,"parent":0,"menu_order":0,"comment_status":"closed","ping_status":"closed","template":"100-width.php","meta":{"footnotes":""},"class_list":["post-1268","page","type-page","status-publish","hentry"],"_links":{"self":[{"href":"https:\/\/graphis.org\/es\/wp-json\/wp\/v2\/pages\/1268","targetHints":{"allow":["GET"]}}],"collection":[{"href":"https:\/\/graphis.org\/es\/wp-json\/wp\/v2\/pages"}],"about":[{"href":"https:\/\/graphis.org\/es\/wp-json\/wp\/v2\/types\/page"}],"author":[{"embeddable":true,"href":"https:\/\/graphis.org\/es\/wp-json\/wp\/v2\/users\/1"}],"replies":[{"embeddable":true,"href":"https:\/\/graphis.org\/es\/wp-json\/wp\/v2\/comments?post=1268"}],"version-history":[{"count":4,"href":"https:\/\/graphis.org\/es\/wp-json\/wp\/v2\/pages\/1268\/revisions"}],"predecessor-version":[{"id":1377,"href":"https:\/\/graphis.org\/es\/wp-json\/wp\/v2\/pages\/1268\/revisions\/1377"}],"wp:attachment":[{"href":"https:\/\/graphis.org\/es\/wp-json\/wp\/v2\/media?parent=1268"}],"curies":[{"name":"wp","href":"https:\/\/api.w.org\/{rel}","templated":true}]}}